{"id":1440,"date":"2023-01-12T17:52:55","date_gmt":"2023-01-12T16:52:55","guid":{"rendered":"https:\/\/www.kgv-essen-west.de\/?page_id=1440"},"modified":"2026-03-01T11:53:05","modified_gmt":"2026-03-01T10:53:05","slug":"downloads-verein","status":"publish","type":"page","link":"https:\/\/www.kgv-essen-west.de\/?page_id=1440","title":{"rendered":"Downloads Verein"},"content":{"rendered":"\n<p><a rel=\"noreferrer noopener\" href=\"https:\/\/www.kgv-essen-west.de\/wp-content\/uploads\/2023\/01\/SatzungKGVEssenWest-23-11-1998-1.pdf\" data-type=\"attachment\" data-id=\"1431\" target=\"_blank\">Satzung<\/a><\/p>\n\n\n\n<p><a href=\"https:\/\/www.kgv-essen-west.de\/wp-content\/uploads\/2026\/01\/Pachtvertrag-Stand-Januar-2026.pdf\" data-type=\"attachment\" data-id=\"2272\" target=\"_blank\" rel=\"noreferrer noopener\">Pachtvertrag<\/a><\/p>\n\n\n\n<p><a href=\"https:\/\/www.kgv-essen-west.de\/wp-content\/uploads\/2026\/01\/Gartenordnung-3.-Auflage-08-02-2019.pdf\" data-type=\"attachment\" data-id=\"2224\" target=\"_blank\" rel=\"noreferrer noopener\">Gartenordnung<\/a><\/p>\n\n\n\n<p><a href=\"https:\/\/www.kgv-essen-west.de\/wp-content\/uploads\/2023\/01\/Schlichtungsordnung.pdf\" data-type=\"attachment\" data-id=\"1556\" target=\"_blank\" rel=\"noreferrer noopener\">Schlichtungsordnung<\/a><\/p>\n\n\n\n<p><a href=\"https:\/\/www.xn--tvz-kleingrtner-9kb.de\/index_htm_files\/Bundeskleingartengesetz.pdf\" target=\"_blank\" rel=\"noreferrer noopener\">Bundeskleingartengesetz<\/a><\/p>\n\n\n\n<p><a href=\"https:\/\/www.kgv-essen-west.de\/wp-content\/uploads\/2024\/01\/Baumschutzsatzung.pdf\" data-type=\"attachment\" data-id=\"1800\" target=\"_blank\" rel=\"noreferrer noopener\">Merkblatt &#8211; Baumschutzsatzung<\/a><\/p>\n\n\n\n<p>_____________________________________________<\/p>\n\n\n\n<p><strong>Vordrucke<\/strong><\/p>\n\n\n\n<p><a href=\"https:\/\/www.kgv-essen-west.de\/wp-content\/uploads\/2026\/01\/Gestattungsantrag-Geraetehaus-2026.pdf\" data-type=\"attachment\" data-id=\"2255\" target=\"_blank\" rel=\"noreferrer noopener\">Gestattungsantrag &#8211; Ger\u00e4tehaus<\/a><\/p>\n\n\n\n<p><a href=\"https:\/\/www.kgv-essen-west.de\/wp-content\/uploads\/2026\/01\/Gestattungsantrag-Gewaechshaus-2026.pdf\" data-type=\"attachment\" data-id=\"2256\" target=\"_blank\" rel=\"noreferrer noopener\">Gestattungsantrag &#8211; Gew\u00e4chshaus<\/a><\/p>\n\n\n\n<p><a href=\"https:\/\/www.kgv-essen-west.de\/wp-content\/uploads\/2026\/01\/Gestattungsantrag-Spielgeraete-2026.pdf\" data-type=\"attachment\" data-id=\"2257\" target=\"_blank\" rel=\"noreferrer noopener\">Gestattungsantrag &#8211; Spielger\u00e4te<\/a><\/p>\n\n\n\n<p><a href=\"https:\/\/www.kgv-essen-west.de\/wp-content\/uploads\/2026\/01\/Gestattungsvertrag-Grillkamin-2026.pdf\" data-type=\"attachment\" data-id=\"2258\" target=\"_blank\" rel=\"noreferrer noopener\">Gestattungsvertrag &#8211; Grillkamin<\/a><\/p>\n\n\n\n<p><a href=\"https:\/\/www.kgv-essen-west.de\/wp-content\/uploads\/2026\/01\/Anerkenntnis-Rueckbauverpflichtung-2026.pdf\" data-type=\"attachment\" data-id=\"2254\" target=\"_blank\" rel=\"noreferrer noopener\">Anerkenntnis R\u00fcckbauverpflichtung<\/a><\/p>\n","protected":false},"excerpt":{"rendered":"<p>Satzung Pachtvertrag Gartenordnung Schlichtungsordnung Bundeskleingartengesetz Merkblatt &#8211; Baumschutzsatzung _____________________________________________ Vordrucke Gestattungsantrag &#8211; Ger\u00e4tehaus Gestattungsantrag &#8211; Gew\u00e4chshaus Gestattungsantrag &#8211; Spielger\u00e4te Gestattungsvertrag<\/p>\n","protected":false},"author":2,"featured_media":0,"parent":0,"menu_order":0,"comment_status":"closed","ping_status":"closed","template":"","meta":{"colormag_page_container_layout":"default_layout","colormag_page_sidebar_layout":"default_layout","footnotes":""},"class_list":["post-1440","page","type-page","status-publish","hentry"],"_links":{"self":[{"href":"https:\/\/www.kgv-essen-west.de\/index.php?rest_route=\/wp\/v2\/pages\/1440","targetHints":{"allow":["GET"]}}],"collection":[{"href":"https:\/\/www.kgv-essen-west.de\/index.php?rest_route=\/wp\/v2\/pages"}],"about":[{"href":"https:\/\/www.kgv-essen-west.de\/index.php?rest_route=\/wp\/v2\/types\/page"}],"author":[{"embeddable":true,"href":"https:\/\/www.kgv-essen-west.de\/index.php?rest_route=\/wp\/v2\/users\/2"}],"replies":[{"embeddable":true,"href":"https:\/\/www.kgv-essen-west.de\/index.php?rest_route=%2Fwp%2Fv2%2Fcomments&post=1440"}],"version-history":[{"count":23,"href":"https:\/\/www.kgv-essen-west.de\/index.php?rest_route=\/wp\/v2\/pages\/1440\/revisions"}],"predecessor-version":[{"id":2569,"href":"https:\/\/www.kgv-essen-west.de\/index.php?rest_route=\/wp\/v2\/pages\/1440\/revisions\/2569"}],"wp:attachment":[{"href":"https:\/\/www.kgv-essen-west.de\/index.php?rest_route=%2Fwp%2Fv2%2Fmedia&parent=1440"}],"curies":[{"name":"wp","href":"https:\/\/api.w.org\/{rel}","templated":true}]}}