{"id":2,"date":"2016-05-10T03:48:21","date_gmt":"2016-05-10T03:48:21","guid":{"rendered":"http:\/\/wp452m.a10-52-158-154.qa.plesk.ru\/wordpress\/?page_id=2"},"modified":"2026-01-28T15:11:35","modified_gmt":"2026-01-28T14:11:35","slug":"sample-page","status":"publish","type":"page","link":"https:\/\/www.kgv-essen-west.de\/","title":{"rendered":"Herzlich Willkommen"},"content":{"rendered":"\n<p><strong>Liebe Kleing\u00e4rter\/innen und Interessierte,<\/strong><br><strong>liebe Essener und Frohnhauser,<\/strong><\/p>\n\n\n<p><span style=\"color: #0000ff;\"><strong><u>AKTUELLE INFORMATION:<\/u><\/strong><\/span><\/p>\n<p><span style=\"color: #993366;\"><strong>D<\/strong><strong style=\"font-size: inherit;\">erzeit sind keine freien G\u00e4rten verf\u00fcgbar.<\/strong><\/span><\/p>\n<hr \/>\n<p>Viele von Ihnen wissen sicherlich, dass Frohnhausens Gr\u00fcne Lunge nicht nur aus Parks und Gr\u00fcnfl\u00e4chen sondern besonders aus den <a href=\"https:\/\/www.kgv-essen-west.de\/?page_id=41\">Kleingartenanlagen<\/a> des\u00a0<a href=\"https:\/\/www.kgv-essen-west.de\/?page_id=25\">Kleing\u00e4rtnerverein Essen West e.V.<\/a> (KGV Essen West) bestehen.<\/p>\n<p>In diesen Anlagen befinden sich G\u00e4rten verschiedener Gr\u00f6\u00dfen und Ausstattungen. G\u00e4rten, die zum Beispiel aus Altersgr\u00fcnden frei werden oder schon frei sind gibt es vom &#8220;fertigen Garten&#8221; bis hin zum &#8220;Garten f\u00fcr Handwerker&#8221;. Ein Kleingarten bietet die Chance, Natur zu erleben, eigenes Obst, Gem\u00fcse und Kr\u00e4uter anzubauen, aber auch mal gem\u00fctlich den Sommerabend zu verbringen.<\/p>\n<p>Der KGV Essen West veranstaltet auch <a href=\"https:\/\/www.kgv-essen-west.de\/?page_id=18\">gro\u00dfe und kleine Feste<\/a>, bei denen sich die P\u00e4chter besser kennen lernen k\u00f6nnen, aber auch G\u00e4ste aus unserem Stadtteil sind herzlich Willkommen.<\/p>\n<p>Nehmen Sie sich einfach die Zeit, f\u00fcr einen Spaziergang durch unsere <a href=\"https:\/\/www.kgv-essen-west.de\/?page_id=41\">Anlagen<\/a>, oder vielleicht m\u00f6chten Sie <a href=\"https:\/\/www.kgv-essen-west.de\/?page_id=33\">selbst Kleing\u00e4rtner werden<\/a>? Dann nehmen Sie einfach <a href=\"https:\/\/www.kgv-essen-west.de\/?page_id=14\">Kontakt<\/a> zu uns auf, oder schauen Sie zu den Sprechtagen in unserem <a href=\"https:\/\/www.kgv-essen-west.de\/?page_id=7\">Vereinsb\u00fcro<\/a> vorbei.<\/p>\n\n\n<p><\/p>\n","protected":false},"excerpt":{"rendered":"<p>Liebe Kleing\u00e4rter\/innen und Interessierte,liebe Essener und Frohnhauser, AKTUELLE INFORMATION: Derzeit sind keine freien G\u00e4rten verf\u00fcgbar. Viele von Ihnen wissen sicherlich,<\/p>\n","protected":false},"author":1,"featured_media":0,"parent":0,"menu_order":0,"comment_status":"closed","ping_status":"closed","template":"","meta":{"colormag_page_container_layout":"default_layout","colormag_page_sidebar_layout":"default_layout","footnotes":""},"class_list":["post-2","page","type-page","status-publish","hentry"],"_links":{"self":[{"href":"https:\/\/www.kgv-essen-west.de\/index.php?rest_route=\/wp\/v2\/pages\/2","targetHints":{"allow":["GET"]}}],"collection":[{"href":"https:\/\/www.kgv-essen-west.de\/index.php?rest_route=\/wp\/v2\/pages"}],"about":[{"href":"https:\/\/www.kgv-essen-west.de\/index.php?rest_route=\/wp\/v2\/types\/page"}],"author":[{"embeddable":true,"href":"https:\/\/www.kgv-essen-west.de\/index.php?rest_route=\/wp\/v2\/users\/1"}],"replies":[{"embeddable":true,"href":"https:\/\/www.kgv-essen-west.de\/index.php?rest_route=%2Fwp%2Fv2%2Fcomments&post=2"}],"version-history":[{"count":36,"href":"https:\/\/www.kgv-essen-west.de\/index.php?rest_route=\/wp\/v2\/pages\/2\/revisions"}],"predecessor-version":[{"id":2328,"href":"https:\/\/www.kgv-essen-west.de\/index.php?rest_route=\/wp\/v2\/pages\/2\/revisions\/2328"}],"wp:attachment":[{"href":"https:\/\/www.kgv-essen-west.de\/index.php?rest_route=%2Fwp%2Fv2%2Fmedia&parent=2"}],"curies":[{"name":"wp","href":"https:\/\/api.w.org\/{rel}","templated":true}]}}