{"id":33,"date":"2017-01-12T17:20:03","date_gmt":"2017-01-12T16:20:03","guid":{"rendered":"https:\/\/www.kgv-essen-west.de\/?page_id=33"},"modified":"2026-01-28T15:14:17","modified_gmt":"2026-01-28T14:14:17","slug":"interessenten","status":"publish","type":"page","link":"https:\/\/www.kgv-essen-west.de\/?page_id=33","title":{"rendered":"Interessenten"},"content":{"rendered":"<p>Kleingarten &#8211; das klingt f\u00fcr so manchen nach Spie\u00dfertum, Vorschriften und Arbeit. F\u00fcr andere ist es Erholung, Kreativit\u00e4t und Freundschaft.<br \/>\nDer eigene Kleingarten bietet viel Freiraum, in den Grenzen der Gartenordnung, st\u00e4dtischer Vorschriften und der Landes- und Bundesgesetzgebung.<\/p>\n<p>Ein eigener Garten bietet eine echte Alternative zu anderen Freizeitbesch\u00e4ftigungen, und es macht riesigen Spa\u00df, dem Wachsen und Gedeihen von Kr\u00e4utern,<br \/>\nObst und Gem\u00fcse zusehen zu k\u00f6nnen. G\u00e4rtnern ist dann nicht mehr nur Freizeit, es kann Bestandteil des Lebens werden.<\/p>\n<p>In den Teilanlagen befinden sich G\u00e4rten verschiedener Gr\u00f6\u00dfen und Ausstattungen &#8211; vom &#8220;fertigen Garten&#8221; bis hin zum &#8220;Garten f\u00fcr Handwerker&#8221;,<br \/>\ndie z.B. aus Altersgr\u00fcnden frei werden oder schon frei sind.<\/p>\n<p>Unser Verein veranstaltet Feste f\u00fcr Gro\u00df und Klein, bei denen man sich n\u00e4her kommt,<br \/>\nund wo schon zahlreiche Freundschaften entstanden sind und entstehen.<\/p>\n<p><strong>Interesse geweckt?<\/strong><\/p>\n<p>Spazieren sie einfach durch einen Teil unserer G\u00e4rten, oder nehmen Sie direkt Kontakt auf, um einen Termin zu einem gegenseitigen Kennenlernen vereinbaren. Bringen Sie all Ihren Wissensdurst mit, hilfreich kann dabei ein Spickzettel sein. Wir geben uns M\u00fche, diesen Durst zu l\u00f6schen. Nach einem ersten Gespr\u00e4ch, k\u00f6nnen Sie sich auf die Warteliste setzen lassen, um &#8211; sobald verf\u00fcgbar &#8211; einen Garten nach Ihren individuelle W\u00fcnschen \u00fcber Gr\u00f6\u00dfe, Standort,<br \/>\nPreis und Ausstattung vorgestellt zu bekommen. Dann ist es nicht mehr weit, Mitglied und P\u00e4chter zu werden.<\/p>\n<p><strong>Kosten<\/strong><\/p>\n<p>In unserem Verein sind die Kosten abh\u00e4ngig von Gr\u00f6\u00dfe, Laubentyp, Anpflanzungen, Grundst\u00fcckseigent\u00fcmer, Standort, Pachtzins, aber auch von den Nebenkosten, wie Wasser- und Abwassergeb\u00fchren, Stromverbrauch, Kommunalabgaben, wie Winterdienst, Stra\u00dfenreinigungsgeb\u00fchren. Hinzu kommt der Vereins- und Verbandsbeitrag, Unfallversicherung, Zeitungsbezug sowie diverse Umlagen und Verwaltungsgeb\u00fchren. Bei jeder Ver\u00e4u\u00dferung eines Gartens erfolgt eine Wertermittlung nach den Richtlinien des Landes NRW durch einen zugelassenen Sachverst\u00e4ndigen. Die Sch\u00e4tzwerte bewegen sich in der Regel in einer Gr\u00f6\u00dfenordnung von 1.500,- bis ca. 6.000,- \u20ac.<\/p>\n<p>Die Jahresrechnungen bewegen sich zwischen 210,- bis 450,- \u20ac, wobei die Verbrauchsrechnungen an Strom, Wasser, Abwasser nicht ber\u00fccksichtigt sind.<br \/>\nAls Faustregel kann man sagen, das Hobby \u201eKleingarten\u201c kostet etwa 1,- \u20ac pro Tag.<br \/>\nBestandteil dieser Rechnung sind<\/p>\n<p>\u2022\u00a0 Pachtpreis ( 0,30 \u20ac pro m\u00b2 und Jahr, Stand Januar 2024 )<br \/>\n\u2022\u00a0 Solidarversicherung f\u00fcr die Laube (Einbruchdiebstahl, Feuer)<br \/>\n\u2022\u00a0 Kommunalabgaben (Stra\u00dfenreinigung, Winterdienst, usw.)<br \/>\n\u2022\u00a0 Verwaltungsgeb\u00fchr<br \/>\na) Kleingartengrund und \u2013Boden gGmbH<br \/>\nb) <a href=\"http:\/\/www.kleingaerten-essen.de\" target=\"_blank\" rel=\"noopener\">Stadtverband der Kleing\u00e4rtnervereine in Essen<\/a><br \/>\n\u2022\u00a0 Unfallversicherung (aller P\u00e4chter und Mitglieder)<br \/>\n\u2022\u00a0 Vereinsbeitrag<br \/>\n\u2022\u00a0 Anteilige Kosten des Vereinsb\u00fcros<br \/>\n\u2022\u00a0 Sonderkosten (Umlagen Stadtverband f\u00fcr Feuerwehrfonds = 1,- \u20ac)<\/p>\n<p>Die Verbrauchskosten f\u00fcr Strom, Wasser und Abwasser werden individuell abgerechnet, zzgl. eines Allgemeinen Schwundanteils.<br \/>\nDiese Kosten kann man durch geschicktes Handeln (z.B. Nutzung des Regenwassers) gering halten.<\/p>\n","protected":false},"excerpt":{"rendered":"<p>Kleingarten &#8211; das klingt f\u00fcr so manchen nach Spie\u00dfertum, Vorschriften und Arbeit. F\u00fcr andere ist es Erholung, Kreativit\u00e4t und Freundschaft.<\/p>\n","protected":false},"author":1,"featured_media":0,"parent":0,"menu_order":0,"comment_status":"closed","ping_status":"closed","template":"","meta":{"colormag_page_container_layout":"default_layout","colormag_page_sidebar_layout":"default_layout","footnotes":""},"class_list":["post-33","page","type-page","status-publish","hentry"],"_links":{"self":[{"href":"https:\/\/www.kgv-essen-west.de\/index.php?rest_route=\/wp\/v2\/pages\/33","targetHints":{"allow":["GET"]}}],"collection":[{"href":"https:\/\/www.kgv-essen-west.de\/index.php?rest_route=\/wp\/v2\/pages"}],"about":[{"href":"https:\/\/www.kgv-essen-west.de\/index.php?rest_route=\/wp\/v2\/types\/page"}],"author":[{"embeddable":true,"href":"https:\/\/www.kgv-essen-west.de\/index.php?rest_route=\/wp\/v2\/users\/1"}],"replies":[{"embeddable":true,"href":"https:\/\/www.kgv-essen-west.de\/index.php?rest_route=%2Fwp%2Fv2%2Fcomments&post=33"}],"version-history":[{"count":17,"href":"https:\/\/www.kgv-essen-west.de\/index.php?rest_route=\/wp\/v2\/pages\/33\/revisions"}],"predecessor-version":[{"id":2269,"href":"https:\/\/www.kgv-essen-west.de\/index.php?rest_route=\/wp\/v2\/pages\/33\/revisions\/2269"}],"wp:attachment":[{"href":"https:\/\/www.kgv-essen-west.de\/index.php?rest_route=%2Fwp%2Fv2%2Fmedia&parent=33"}],"curies":[{"name":"wp","href":"https:\/\/api.w.org\/{rel}","templated":true}]}}