{"id":41,"date":"2017-05-10T11:01:34","date_gmt":"2017-05-10T09:01:34","guid":{"rendered":"https:\/\/www.kgv-essen-west.de\/?page_id=41"},"modified":"2026-04-27T17:06:10","modified_gmt":"2026-04-27T15:06:10","slug":"gartenanlagen","status":"publish","type":"page","link":"https:\/\/www.kgv-essen-west.de\/?page_id=41","title":{"rendered":"Gartenanlagen"},"content":{"rendered":"<p>Der Verein umfasst vier verschiedene Teilanlagen von Kleing\u00e4rten, die jeweils f\u00fcr sich eine Gruppe bilden. Jede Teilanlage hat seine eigenen Obleute als Ansprechpartner und zur Organisation. So ist jede Teilanlage flexibel, auf die vor Ort bestehenden Bed\u00fcrfnisse zu reagieren. Die gr\u00f6\u00dften Teilanlagen sind Frohnhausen zwischen R\u00fcdesheimer Stra\u00dfe, Frohnhauser Stra\u00dfe und Postreitweg. Die Teilanlage Postreitweg, befindet sich l\u00e4ngs des Postreitweges. Die G\u00e4rten an der Markuskirche befinden sich ebenfalls direkt in der N\u00e4he. Etwas entfernt liegen in der N\u00e4he des S-Bahnhofs Frohnhausen die G\u00e4rten der Teilanlage N\u00f6ggerathstra\u00dfe.<\/p>\n<p><strong><br \/>\nGartenanlage Frohnhausen (FR)<\/strong><\/p>\n<p>Obleute:<br \/>\nFR 001-032\u00a0 \u00a0Friedhelm Verf\u00fcrden (FR 026)<br \/>\nFR 033-066\u00a0 \u00a0Achim T\u00fcck (FR 057)<br \/>\nFR 067-101\u00a0 \u00a0Michael Am Orde (FR 080)<br \/>\nFR 102-138\u00a0 \u00a0J\u00f6rg (Jogi) Nowack (FR 072)<\/p>\n<p><strong>Gartenanlage Postreitweg (PO)<\/strong><\/p>\n<p>Obleute:<br \/>\nGerd Feulner (PO 002)<br \/>\nMarkus Helferich (PO 056)<\/p>\n<p><strong>Gartenanlage Markuskirche (MK)<\/strong><br \/>\nObmann: Dieter Jostes (MK 011)<\/p>\n<p><strong>Gartenanlage N\u00f6ggerathstra\u00dfe (N\u00d6)<\/strong><br \/>\nObmann: Maik Rosenau (N\u00d6 007)<\/p>\n","protected":false},"excerpt":{"rendered":"<p>Der Verein umfasst vier verschiedene Teilanlagen von Kleing\u00e4rten, die jeweils f\u00fcr sich eine Gruppe bilden. Jede Teilanlage hat seine eigenen<\/p>\n","protected":false},"author":1,"featured_media":0,"parent":0,"menu_order":0,"comment_status":"closed","ping_status":"closed","template":"","meta":{"colormag_page_container_layout":"default_layout","colormag_page_sidebar_layout":"default_layout","footnotes":""},"class_list":["post-41","page","type-page","status-publish","hentry"],"_links":{"self":[{"href":"https:\/\/www.kgv-essen-west.de\/index.php?rest_route=\/wp\/v2\/pages\/41","targetHints":{"allow":["GET"]}}],"collection":[{"href":"https:\/\/www.kgv-essen-west.de\/index.php?rest_route=\/wp\/v2\/pages"}],"about":[{"href":"https:\/\/www.kgv-essen-west.de\/index.php?rest_route=\/wp\/v2\/types\/page"}],"author":[{"embeddable":true,"href":"https:\/\/www.kgv-essen-west.de\/index.php?rest_route=\/wp\/v2\/users\/1"}],"replies":[{"embeddable":true,"href":"https:\/\/www.kgv-essen-west.de\/index.php?rest_route=%2Fwp%2Fv2%2Fcomments&post=41"}],"version-history":[{"count":20,"href":"https:\/\/www.kgv-essen-west.de\/index.php?rest_route=\/wp\/v2\/pages\/41\/revisions"}],"predecessor-version":[{"id":2647,"href":"https:\/\/www.kgv-essen-west.de\/index.php?rest_route=\/wp\/v2\/pages\/41\/revisions\/2647"}],"wp:attachment":[{"href":"https:\/\/www.kgv-essen-west.de\/index.php?rest_route=%2Fwp%2Fv2%2Fmedia&parent=41"}],"curies":[{"name":"wp","href":"https:\/\/api.w.org\/{rel}","templated":true}]}}