{"id":49,"date":"2017-05-10T11:41:16","date_gmt":"2017-05-10T09:41:16","guid":{"rendered":"https:\/\/www.kgv-essen-west.de\/?page_id=49"},"modified":"2026-02-17T16:17:37","modified_gmt":"2026-02-17T15:17:37","slug":"links","status":"publish","type":"page","link":"https:\/\/www.kgv-essen-west.de\/?page_id=49","title":{"rendered":"Web-Links"},"content":{"rendered":"<p>Wichtige Links f\u00fcr unsere Mitglieder und Interessierte.<\/p>\n<p><a href=\"http:\/\/www.kleingaerten-essen.de\/\" target=\"_blank\" rel=\"noopener\">Stadtverband Essen der Kleing\u00e4rtnervereine e.V.<\/a><\/p>\n<p>Hier finden Sie Informationen zu 114 Essener Gartenbau- und Kleintierz\u00fcchtervereinen mit fast 9.000 Mitgliedern und etwa 8.500 bewirtschafteten Parzellen.<br \/>\nBesonders f\u00fcr P\u00e4chter h\u00e4lt die Seite des <a href=\"http:\/\/www.kleingaerten-essen.de\/\" target=\"_blank\" rel=\"noopener\">Stadtverbandes Essen<\/a> immer aktuelle Informationen und Grundlagen bereit. Wir weisen an dieser Stelle besonders auf die Gartenordnung, Gestattungsantr\u00e4ge (z.B. f\u00fcr Spielger\u00e4te, Ger\u00e4tehaus, Teich) und Merkbl\u00e4tter hin, die dort jeweils in aktuellster Fasssung dort zum <a href=\"http:\/\/www.kleingaerten-essen.de\/download.php\" target=\"_blank\" rel=\"noopener\">Download<\/a> bereit stehen.<\/p>\n<p><a href=\"https:\/\/www.xn--tvz-kleingrtner-9kb.de\/index_htm_files\/Bundeskleingartengesetz.pdf\" target=\"_blank\" rel=\"noopener\">Bundeskleingartengesetz<\/a><\/p>\n<p>Die rechtliche Grundlage der Kleing\u00e4rten sind im <a href=\"https:\/\/www.xn--tvz-kleingrtner-9kb.de\/index_htm_files\/Bundeskleingartengesetz.pdf\" target=\"_blank\" rel=\"noopener\">Bundeskleingartengesetz<\/a> festgehalten. Mit bundesweit geregelten Rechten und Pflichten ist das die Basis f\u00fcr alle Kleing\u00e4rten in Deutschland. Eine <a href=\"https:\/\/de.wikipedia.org\/wiki\/Bundeskleingartengesetz\" target=\"_blank\" rel=\"noopener\">Erl\u00e4uterung<\/a> findet sich dazu auch auf Wikipedia.<\/p>\n<p><a href=\"http:\/\/www.kleingaerten-essen.de\/\" target=\"_blank\" rel=\"noopener\">Stadtverband Essen der Kleing\u00e4rtnervereine e.V.<\/a><\/p>\n<p>St\u00e4dtische Regelungen und Vorschriften zum Thema <a href=\"https:\/\/www.umwelt.nrw.de\/umwelt\/umwelt-und-gesundheit\/laerm\/geraete-und-maschinenlaerm\" target=\"_blank\" rel=\"noopener\">L\u00e4rm\/Gartenger\u00e4te<\/a>, <a href=\"http:\/\/www.gesetze-im-internet.de\/bimschv_32\/index.html\" target=\"_blank\" rel=\"noopener\">Feuer\/Immissionschutz<\/a> und Nachbarschaft finden sich auf der Seite des <a href=\"https:\/\/media.essen.de\/media\/wwwessende\/aemter\/59\/immissionsschutz_1\/Broschuere_des_MKULNV_Laerm_2016.pdf\" target=\"_blank\" rel=\"noopener\">Ordnugsamtes der Stadt Essen<\/a>.<\/p>\n<p><a href=\"https:\/\/de.wikipedia.org\/wiki\/Kleingarten\" target=\"_blank\" rel=\"noopener\">Kleingarten<\/a><\/p>\n<p>Weitere Informationen zur Historie und Definition eines <a href=\"https:\/\/de.wikipedia.org\/wiki\/Kleingarten\" target=\"_blank\" rel=\"noopener\">Kleingartens<\/a> ist bei Wikipedia nachzulesen.<\/p>\n<p>&#8212;<br \/>\nF\u00fcr die hier aufgef\u00fchrten externen Links \u00fcbernimmt der Verein keine Haftung. Zur Zeit der Linksetzung waren keine Rechtsverst\u00f6\u00dfe erkennbar. Der Verein macht sich die verlinkten Inhalte nicht zu eigenen.\u00a0 F\u00fcr fremde Inhalte, zu denen hier lediglich der Zugang vermittelt wird, ist der Verein gem. \u00a7 9 TDG nicht haftbar zu machen.<\/p>\n","protected":false},"excerpt":{"rendered":"<p>Wichtige Links f\u00fcr unsere Mitglieder und Interessierte. Stadtverband Essen der Kleing\u00e4rtnervereine e.V. Hier finden Sie Informationen zu 114 Essener Gartenbau-<\/p>\n","protected":false},"author":1,"featured_media":0,"parent":0,"menu_order":0,"comment_status":"closed","ping_status":"closed","template":"","meta":{"colormag_page_container_layout":"default_layout","colormag_page_sidebar_layout":"default_layout","footnotes":""},"class_list":["post-49","page","type-page","status-publish","hentry"],"_links":{"self":[{"href":"https:\/\/www.kgv-essen-west.de\/index.php?rest_route=\/wp\/v2\/pages\/49","targetHints":{"allow":["GET"]}}],"collection":[{"href":"https:\/\/www.kgv-essen-west.de\/index.php?rest_route=\/wp\/v2\/pages"}],"about":[{"href":"https:\/\/www.kgv-essen-west.de\/index.php?rest_route=\/wp\/v2\/types\/page"}],"author":[{"embeddable":true,"href":"https:\/\/www.kgv-essen-west.de\/index.php?rest_route=\/wp\/v2\/users\/1"}],"replies":[{"embeddable":true,"href":"https:\/\/www.kgv-essen-west.de\/index.php?rest_route=%2Fwp%2Fv2%2Fcomments&post=49"}],"version-history":[{"count":13,"href":"https:\/\/www.kgv-essen-west.de\/index.php?rest_route=\/wp\/v2\/pages\/49\/revisions"}],"predecessor-version":[{"id":2344,"href":"https:\/\/www.kgv-essen-west.de\/index.php?rest_route=\/wp\/v2\/pages\/49\/revisions\/2344"}],"wp:attachment":[{"href":"https:\/\/www.kgv-essen-west.de\/index.php?rest_route=%2Fwp%2Fv2%2Fmedia&parent=49"}],"curies":[{"name":"wp","href":"https:\/\/api.w.org\/{rel}","templated":true}]}}