{"id":7,"date":"2016-11-09T11:30:12","date_gmt":"2016-11-09T11:30:12","guid":{"rendered":"https:\/\/www.kgv-essen-west.de\/?page_id=7"},"modified":"2016-11-09T11:30:12","modified_gmt":"2016-11-09T11:30:12","slug":"impressum","status":"publish","type":"page","link":"https:\/\/www.kgv-essen-west.de\/?page_id=7","title":{"rendered":"Impressum"},"content":{"rendered":"<h2>Angaben gem\u00e4\u00df \u00a7 5 TMG:<\/h2><p>Rechtsform: Eingetragener Verein (e.V.)<br>Kleing\u00e4rtnerverein Essen West e.V.<br>R\u00fcdesheimer Stra\u00dfe 17<br>45145 <br>Essen<\/p><h2>Vertreten durch:<\/h2><p>Vorsitzender: K.- Heinz Castro<br \/>\r\nstellv. Vorsitzender: Fatin Yavuz<\/p><h2>Kontakt:<\/h2><table><tr><td>Telefon: <\/td><td>0201\/ 876 17 83<\/td><\/tr><tr><td>E-Mail: <\/td><td><img src='https:\/\/www.kgv-essen-west.de\/wp-content\/plugins\/impressum-manager\/includes\/impressum\/impressum-manager-email-as-image.php?text=kgv1919@kgv-essen-west.de'><\/td><\/tr><\/table><h2>Registereintrag:<\/h2><p>Vereinsregister<br>Amtsgericht Essen<br>VR 1867<\/p><h2>Datenschutzerkl\u00e4rung:<\/h2><p><strong>Datenschutz<\/strong><\/p><p>Die Nutzung unserer Webseite ist in der Regel ohne Angabe personenbezogener Daten m\u00f6glich. Soweit auf unseren Seiten personenbezogene Daten (beispielsweise Name, Anschrift oder eMail-Adressen) erhoben werden, erfolgt dies, soweit m\u00f6glich, stets auf freiwilliger Basis. Diese Daten werden ohne Ihre ausdr\u00fcckliche Zustimmung nicht an Dritte weitergegeben. <\/p><p>Wir weisen darauf hin, dass die Daten\u00fcbertragung im Internet (z.B. bei der Kommunikation per E-Mail) Sicherheitsl\u00fccken aufweisen kann. Ein l\u00fcckenloser Schutz der Daten vor dem Zugriff durch Dritte ist nicht m\u00f6glich. <\/p><p>Der Nutzung von im Rahmen der Impressumspflicht ver\u00f6ffentlichten Kontaktdaten durch Dritte zur \u00dcbersendung von nicht ausdr\u00fccklich angeforderter Werbung und Informationsmaterialien wird hiermit ausdr\u00fccklich widersprochen. Die Betreiber der Seiten behalten sich ausdr\u00fccklich rechtliche Schritte im Falle der unverlangten Zusendung von Werbeinformationen, etwa durch Spam-Mails, vor.<\/p><strong>Auskunft, L&ouml;schung, Sperrung<\/strong><\/p> <p>Sie haben jederzeit das Recht auf unentgeltliche Auskunft &uuml;ber Ihre gespeicherten personenbezogenen Daten, deren Herkunft und Empf&auml;nger und den Zweck der Datenverarbeitung sowie ein Recht auf Berichtigung, Sperrung oder L&ouml;schung dieser Daten. Hierzu sowie zu weiteren Fragen zum Thema personenbezogene Daten k&ouml;nnen Sie sich jederzeit &uuml;ber die im Impressum angegeben Adresse des Webseitenbetreibers an uns wenden.<\/p><p>Plugin von <a href=\"http:\/\/www.impressum-manager.com\">http:\/\/www.impressum-manager.com<\/a><\/p><p>Quelle: <em><a rel=\"nofollow\" href=\"http:\/\/www.e-recht24.de\/impressum-generator.html\">http:\/\/www.e-recht24.de<\/a><\/em><\/p>\n","protected":false},"excerpt":{"rendered":"","protected":false},"author":1,"featured_media":0,"parent":0,"menu_order":0,"comment_status":"closed","ping_status":"closed","template":"","meta":{"colormag_page_container_layout":"default_layout","colormag_page_sidebar_layout":"default_layout","footnotes":""},"class_list":["post-7","page","type-page","status-publish","hentry"],"_links":{"self":[{"href":"https:\/\/www.kgv-essen-west.de\/index.php?rest_route=\/wp\/v2\/pages\/7","targetHints":{"allow":["GET"]}}],"collection":[{"href":"https:\/\/www.kgv-essen-west.de\/index.php?rest_route=\/wp\/v2\/pages"}],"about":[{"href":"https:\/\/www.kgv-essen-west.de\/index.php?rest_route=\/wp\/v2\/types\/page"}],"author":[{"embeddable":true,"href":"https:\/\/www.kgv-essen-west.de\/index.php?rest_route=\/wp\/v2\/users\/1"}],"replies":[{"embeddable":true,"href":"https:\/\/www.kgv-essen-west.de\/index.php?rest_route=%2Fwp%2Fv2%2Fcomments&post=7"}],"version-history":[{"count":1,"href":"https:\/\/www.kgv-essen-west.de\/index.php?rest_route=\/wp\/v2\/pages\/7\/revisions"}],"predecessor-version":[{"id":8,"href":"https:\/\/www.kgv-essen-west.de\/index.php?rest_route=\/wp\/v2\/pages\/7\/revisions\/8"}],"wp:attachment":[{"href":"https:\/\/www.kgv-essen-west.de\/index.php?rest_route=%2Fwp%2Fv2%2Fmedia&parent=7"}],"curies":[{"name":"wp","href":"https:\/\/api.w.org\/{rel}","templated":true}]}}